{"id":18,"date":"2020-04-03T17:38:41","date_gmt":"2020-04-03T17:38:41","guid":{"rendered":"https:\/\/asv-feudenheim.de\/?page_id=18"},"modified":"2024-01-22T14:53:19","modified_gmt":"2024-01-22T14:53:19","slug":"verein","status":"publish","type":"page","link":"https:\/\/asv-feudenheim.de\/index.php\/verein\/","title":{"rendered":"Verein"},"content":{"rendered":"\t\t<div data-elementor-type=\"wp-page\" data-elementor-id=\"18\" class=\"elementor elementor-18\">\n\t\t\t\t\t\t<section class=\"elementor-section elementor-top-section elementor-element elementor-element-1adb4a1 elementor-section-boxed elementor-section-height-default elementor-section-height-default\" data-id=\"1adb4a1\" data-element_type=\"section\" data-e-type=\"section\">\n\t\t\t\t\t\t<div class=\"elementor-container elementor-column-gap-default\">\n\t\t\t\t\t<div class=\"elementor-column elementor-col-100 elementor-top-column elementor-element elementor-element-81a0ca6\" data-id=\"81a0ca6\" data-element_type=\"column\" data-e-type=\"column\">\n\t\t\t<div class=\"elementor-widget-wrap elementor-element-populated\">\n\t\t\t\t\t\t<div class=\"elementor-element elementor-element-1196af1 elementor-widget elementor-widget-heading\" data-id=\"1196af1\" data-element_type=\"widget\" data-e-type=\"widget\" data-widget_type=\"heading.default\">\n\t\t\t\t<div class=\"elementor-widget-container\">\n\t\t\t\t\t<h1 class=\"elementor-heading-title elementor-size-xl\">Der ASV Feudenheim<\/h1>\t\t\t\t<\/div>\n\t\t\t\t<\/div>\n\t\t\t\t\t<\/div>\n\t\t<\/div>\n\t\t\t\t\t<\/div>\n\t\t<\/section>\n\t\t\t\t<section class=\"elementor-section elementor-top-section elementor-element elementor-element-9535d21 elementor-section-boxed elementor-section-height-default elementor-section-height-default\" data-id=\"9535d21\" data-element_type=\"section\" data-e-type=\"section\">\n\t\t\t\t\t\t<div class=\"elementor-container elementor-column-gap-default\">\n\t\t\t\t\t<div class=\"elementor-column elementor-col-100 elementor-top-column elementor-element elementor-element-1a49bdf\" data-id=\"1a49bdf\" data-element_type=\"column\" data-e-type=\"column\">\n\t\t\t<div class=\"elementor-widget-wrap elementor-element-populated\">\n\t\t\t\t\t\t<div class=\"elementor-element elementor-element-4307579 elementor-widget elementor-widget-heading\" data-id=\"4307579\" data-element_type=\"widget\" data-e-type=\"widget\" data-widget_type=\"heading.default\">\n\t\t\t\t<div class=\"elementor-widget-container\">\n\t\t\t\t\t<h2 class=\"elementor-heading-title elementor-size-default\">Unser Vorstand<\/h2>\t\t\t\t<\/div>\n\t\t\t\t<\/div>\n\t\t\t\t\t<\/div>\n\t\t<\/div>\n\t\t\t\t\t<\/div>\n\t\t<\/section>\n\t\t\t\t<section class=\"elementor-section elementor-top-section elementor-element elementor-element-797492a elementor-section-boxed elementor-section-height-default elementor-section-height-default\" data-id=\"797492a\" data-element_type=\"section\" data-e-type=\"section\">\n\t\t\t\t\t\t<div class=\"elementor-container elementor-column-gap-default\">\n\t\t\t\t\t<div class=\"elementor-column elementor-col-50 elementor-top-column elementor-element elementor-element-1ec0be8\" data-id=\"1ec0be8\" data-element_type=\"column\" data-e-type=\"column\">\n\t\t\t<div class=\"elementor-widget-wrap elementor-element-populated\">\n\t\t\t\t\t\t<div class=\"elementor-element elementor-element-18a613f elementor-widget elementor-widget-image\" data-id=\"18a613f\" data-element_type=\"widget\" data-e-type=\"widget\" data-widget_type=\"image.default\">\n\t\t\t\t<div class=\"elementor-widget-container\">\n\t\t\t\t\t\t\t\t\t\t\t\t\t\t\t<img decoding=\"async\" width=\"150\" height=\"150\" src=\"https:\/\/i0.wp.com\/asv-feudenheim.de\/wp-content\/uploads\/2022\/07\/Hansi-1.jpeg?resize=150%2C150&amp;ssl=1\" class=\"attachment-thumbnail size-thumbnail wp-image-1247\" alt=\"\" \/>\t\t\t\t\t\t\t\t\t\t\t\t\t\t\t<\/div>\n\t\t\t\t<\/div>\n\t\t\t\t<div class=\"elementor-element elementor-element-0c79f09 elementor-widget elementor-widget-text-editor\" data-id=\"0c79f09\" data-element_type=\"widget\" data-e-type=\"widget\" data-widget_type=\"text-editor.default\">\n\t\t\t\t<div class=\"elementor-widget-container\">\n\t\t\t\t\t\t\t\t\t<p style=\"text-align: center;\">Hans J\u00fcrgen Illner<br \/>1. Vorsitzender\u00a0<\/p>\t\t\t\t\t\t\t\t<\/div>\n\t\t\t\t<\/div>\n\t\t\t\t\t<\/div>\n\t\t<\/div>\n\t\t\t\t<div class=\"elementor-column elementor-col-50 elementor-top-column elementor-element elementor-element-198a3ef\" data-id=\"198a3ef\" data-element_type=\"column\" data-e-type=\"column\">\n\t\t\t<div class=\"elementor-widget-wrap elementor-element-populated\">\n\t\t\t\t\t\t<div class=\"elementor-element elementor-element-d58f873 elementor-widget elementor-widget-text-editor\" data-id=\"d58f873\" data-element_type=\"widget\" data-e-type=\"widget\" data-widget_type=\"text-editor.default\">\n\t\t\t\t<div class=\"elementor-widget-container\">\n\t\t\t\t\t\t\t\t\t<p style=\"text-align: center;\">Andreas Ulbert<br \/>2. Vorsitzender und Gesch\u00e4ftsf\u00fchrung<\/p>\t\t\t\t\t\t\t\t<\/div>\n\t\t\t\t<\/div>\n\t\t\t\t\t<\/div>\n\t\t<\/div>\n\t\t\t\t\t<\/div>\n\t\t<\/section>\n\t\t\t\t<section class=\"elementor-section elementor-top-section elementor-element elementor-element-b111a36 elementor-section-boxed elementor-section-height-default elementor-section-height-default\" data-id=\"b111a36\" data-element_type=\"section\" data-e-type=\"section\">\n\t\t\t\t\t\t<div class=\"elementor-container elementor-column-gap-default\">\n\t\t\t\t\t<div class=\"elementor-column elementor-col-33 elementor-top-column elementor-element elementor-element-9059007\" data-id=\"9059007\" data-element_type=\"column\" data-e-type=\"column\">\n\t\t\t<div class=\"elementor-widget-wrap elementor-element-populated\">\n\t\t\t\t\t\t<div class=\"elementor-element elementor-element-498cbff elementor-widget elementor-widget-image\" data-id=\"498cbff\" data-element_type=\"widget\" data-e-type=\"widget\" data-widget_type=\"image.default\">\n\t\t\t\t<div class=\"elementor-widget-container\">\n\t\t\t\t\t\t\t\t\t\t\t\t\t\t\t<img decoding=\"async\" width=\"150\" height=\"150\" src=\"https:\/\/i0.wp.com\/asv-feudenheim.de\/wp-content\/uploads\/2020\/04\/asv-logo-Original.jpg?resize=150%2C150&amp;ssl=1\" class=\"attachment-thumbnail size-thumbnail wp-image-12\" alt=\"\" srcset=\"https:\/\/i0.wp.com\/asv-feudenheim.de\/wp-content\/uploads\/2020\/04\/asv-logo-Original.jpg?resize=150%2C150&amp;ssl=1 150w, https:\/\/i0.wp.com\/asv-feudenheim.de\/wp-content\/uploads\/2020\/04\/asv-logo-Original.jpg?w=120&amp;ssl=1 120w, https:\/\/i0.wp.com\/asv-feudenheim.de\/wp-content\/uploads\/2020\/04\/asv-logo-Original.jpg?w=100&amp;ssl=1 100w, https:\/\/i0.wp.com\/asv-feudenheim.de\/wp-content\/uploads\/2020\/04\/asv-logo-Original.jpg?zoom=2&amp;resize=150%2C150&amp;ssl=1 300w, https:\/\/i0.wp.com\/asv-feudenheim.de\/wp-content\/uploads\/2020\/04\/asv-logo-Original.jpg?zoom=3&amp;resize=150%2C150&amp;ssl=1 450w\" sizes=\"(max-width: 150px) 100vw, 150px\" \/>\t\t\t\t\t\t\t\t\t\t\t\t\t\t\t<\/div>\n\t\t\t\t<\/div>\n\t\t\t\t<div class=\"elementor-element elementor-element-ac55e38 elementor-widget elementor-widget-text-editor\" data-id=\"ac55e38\" data-element_type=\"widget\" data-e-type=\"widget\" data-widget_type=\"text-editor.default\">\n\t\t\t\t<div class=\"elementor-widget-container\">\n\t\t\t\t\t\t\t\t\t<p style=\"text-align: center;\">Jennifer Schick<br \/>Hauptkassiererin<\/p>\t\t\t\t\t\t\t\t<\/div>\n\t\t\t\t<\/div>\n\t\t\t\t\t<\/div>\n\t\t<\/div>\n\t\t\t\t<div class=\"elementor-column elementor-col-33 elementor-top-column elementor-element elementor-element-d94e9df\" data-id=\"d94e9df\" data-element_type=\"column\" data-e-type=\"column\">\n\t\t\t<div class=\"elementor-widget-wrap\">\n\t\t\t\t\t\t\t<\/div>\n\t\t<\/div>\n\t\t\t\t<div class=\"elementor-column elementor-col-33 elementor-top-column elementor-element elementor-element-7e05426\" data-id=\"7e05426\" data-element_type=\"column\" data-e-type=\"column\">\n\t\t\t<div class=\"elementor-widget-wrap elementor-element-populated\">\n\t\t\t\t\t\t<div class=\"elementor-element elementor-element-a1ba654 elementor-widget elementor-widget-image\" data-id=\"a1ba654\" data-element_type=\"widget\" data-e-type=\"widget\" data-widget_type=\"image.default\">\n\t\t\t\t<div class=\"elementor-widget-container\">\n\t\t\t\t\t\t\t\t\t\t\t\t\t\t\t<img decoding=\"async\" width=\"150\" height=\"150\" src=\"https:\/\/i0.wp.com\/asv-feudenheim.de\/wp-content\/uploads\/2020\/04\/asv-logo-Original.jpg?resize=150%2C150&amp;ssl=1\" class=\"attachment-thumbnail size-thumbnail wp-image-12\" alt=\"\" srcset=\"https:\/\/i0.wp.com\/asv-feudenheim.de\/wp-content\/uploads\/2020\/04\/asv-logo-Original.jpg?resize=150%2C150&amp;ssl=1 150w, https:\/\/i0.wp.com\/asv-feudenheim.de\/wp-content\/uploads\/2020\/04\/asv-logo-Original.jpg?w=120&amp;ssl=1 120w, https:\/\/i0.wp.com\/asv-feudenheim.de\/wp-content\/uploads\/2020\/04\/asv-logo-Original.jpg?w=100&amp;ssl=1 100w, https:\/\/i0.wp.com\/asv-feudenheim.de\/wp-content\/uploads\/2020\/04\/asv-logo-Original.jpg?zoom=2&amp;resize=150%2C150&amp;ssl=1 300w, https:\/\/i0.wp.com\/asv-feudenheim.de\/wp-content\/uploads\/2020\/04\/asv-logo-Original.jpg?zoom=3&amp;resize=150%2C150&amp;ssl=1 450w\" sizes=\"(max-width: 150px) 100vw, 150px\" \/>\t\t\t\t\t\t\t\t\t\t\t\t\t\t\t<\/div>\n\t\t\t\t<\/div>\n\t\t\t\t<div class=\"elementor-element elementor-element-ec0a974 elementor-widget elementor-widget-text-editor\" data-id=\"ec0a974\" data-element_type=\"widget\" data-e-type=\"widget\" data-widget_type=\"text-editor.default\">\n\t\t\t\t<div class=\"elementor-widget-container\">\n\t\t\t\t\t\t\t\t\t<p style=\"text-align: center;\">Lilli Gruber<br \/>Schriftf\u00fchrerin<\/p>\t\t\t\t\t\t\t\t<\/div>\n\t\t\t\t<\/div>\n\t\t\t\t\t<\/div>\n\t\t<\/div>\n\t\t\t\t\t<\/div>\n\t\t<\/section>\n\t\t\t\t<section class=\"elementor-section elementor-top-section elementor-element elementor-element-2b8992a elementor-section-boxed elementor-section-height-default elementor-section-height-default\" data-id=\"2b8992a\" data-element_type=\"section\" data-e-type=\"section\">\n\t\t\t\t\t\t<div class=\"elementor-container elementor-column-gap-default\">\n\t\t\t\t\t<div class=\"elementor-column elementor-col-100 elementor-top-column elementor-element elementor-element-2e9c55d\" data-id=\"2e9c55d\" data-element_type=\"column\" data-e-type=\"column\">\n\t\t\t<div class=\"elementor-widget-wrap elementor-element-populated\">\n\t\t\t\t\t\t<div class=\"elementor-element elementor-element-9a77f53 elementor-widget elementor-widget-heading\" data-id=\"9a77f53\" data-element_type=\"widget\" data-e-type=\"widget\" data-widget_type=\"heading.default\">\n\t\t\t\t<div class=\"elementor-widget-container\">\n\t\t\t\t\t<h2 class=\"elementor-heading-title elementor-size-default\">Historie<\/h2>\t\t\t\t<\/div>\n\t\t\t\t<\/div>\n\t\t\t\t\t<\/div>\n\t\t<\/div>\n\t\t\t\t\t<\/div>\n\t\t<\/section>\n\t\t\t\t<section class=\"elementor-section elementor-top-section elementor-element elementor-element-9b6cf41 elementor-section-boxed elementor-section-height-default elementor-section-height-default\" data-id=\"9b6cf41\" data-element_type=\"section\" data-e-type=\"section\">\n\t\t\t\t\t\t<div class=\"elementor-container elementor-column-gap-default\">\n\t\t\t\t\t<div class=\"elementor-column elementor-col-100 elementor-top-column elementor-element elementor-element-31406d7\" data-id=\"31406d7\" data-element_type=\"column\" data-e-type=\"column\">\n\t\t\t<div class=\"elementor-widget-wrap elementor-element-populated\">\n\t\t\t\t\t\t<div class=\"elementor-element elementor-element-13b1f57 elementor-widget elementor-widget-text-editor\" data-id=\"13b1f57\" data-element_type=\"widget\" data-e-type=\"widget\" data-widget_type=\"text-editor.default\">\n\t\t\t\t<div class=\"elementor-widget-container\">\n\t\t\t\t\t\t\t\t\t<p>Der Allgemeine Sportverein Feudenheim geh\u00f6rt zu einem der traditionsreichsten Vereinen in Mannheim und Baden und geht in seinen Wurzeln auf mehrere Feudenheimer Vereine zur\u00fcck. Im Ursprung geht der ASV auf den FC Viktoria Feudenheim zur\u00fcck, der 1903 gegr\u00fcndet wurde und sich 1920 mit dem Turn-Verein Badenia 1889 Mannheim-Feudenheim zum VfTuR Feudenheim zusammenschloss.\u00a0<br \/>In der Zeit des Nationalsozialismus schlossen sich verbliebene Mitglieder des ATSV Feudenheim, dem VfTuR an, nach dem ihr Verein durch die damalige &#8222;Gleichschaltung&#8220; verboten wurde.\u00a0<\/p><p>Kurz nach Kriegsende gr\u00fcndeten ehemalige Mitglieder des ATSV und des VfTuR Feudenheim den ASV Feudenheim, der damit in die Rechtsnachfolge dieser beiden Vereine eintrat.\u00a0<\/p><p>Zu den gro\u00dfen Erfolgen des ASV z\u00e4hlen die Meisterschaft der 1. Amateurliga Baden (heutige Verbandsliga) 1951 und 1967 und die Teilnahme an der 2. Liga S\u00fcd 51\/52 und 52\/53, sowie der Gewinn des Badischen Verbandspokal 1966 und 1968.\u00a0<\/p><p>Im Frauenfu\u00dfball geh\u00f6rte der ASV Feudenheim zu den Pionieren des Sports in Mannheim. Die Frauenmannschaft wurde 1970 gegr\u00fcndet und 1972 zum ersten Kreismeister Mannheim gek\u00fcrt. 1975 folgte die Vizemeisterschaft der Verbandsliga, in welcher die ASV-Damen von 1975 &#8211; 1981 und von 1982 &#8211; 1994 spielte. Die Verbandsliga galt bis zur Einf\u00fchrung der Bundesliga 1990 als h\u00f6chste deutsche Spielklasse im Frauenfu\u00dfball. Den gr\u00f6\u00dften Erfolg feierte man 1983 mit dem Gewinn der badischen Verbandsmeisterschaft und dem Erreichen des Viertelfinale in der Endrunde um die deutsche Meisterschaft.\u00a0<\/p>\t\t\t\t\t\t\t\t<\/div>\n\t\t\t\t<\/div>\n\t\t\t\t\t<\/div>\n\t\t<\/div>\n\t\t\t\t\t<\/div>\n\t\t<\/section>\n\t\t\t\t<\/div>\n\t\t","protected":false},"excerpt":{"rendered":"<p>Der ASV Feudenheim Unser Vorstand Hans J\u00fcrgen Illner1. Vorsitzender\u00a0 Andreas Ulbert2. Vorsitzender und Gesch\u00e4ftsf\u00fchrung Jennifer SchickHauptkassiererin Lilli GruberSchriftf\u00fchrerin Historie Der Allgemeine Sportverein Feudenheim geh\u00f6rt zu einem der traditionsreichsten Vereinen in Mannheim und Baden und geht in seinen Wurzeln auf mehrere Feudenheimer Vereine zur\u00fcck. Im Ursprung geht der ASV auf den FC Viktoria Feudenheim zur\u00fcck, der [&hellip;]<\/p>\n","protected":false},"author":5,"featured_media":0,"parent":0,"menu_order":0,"comment_status":"closed","ping_status":"closed","template":"","meta":{"ocean_post_layout":"full-screen","ocean_both_sidebars_style":"","ocean_both_sidebars_content_width":0,"ocean_both_sidebars_sidebars_width":0,"ocean_sidebar":"0","ocean_second_sidebar":"0","ocean_disable_margins":"enable","ocean_add_body_class":"","ocean_shortcode_before_top_bar":"","ocean_shortcode_after_top_bar":"","ocean_shortcode_before_header":"","ocean_shortcode_after_header":"","ocean_has_shortcode":"","ocean_shortcode_after_title":"","ocean_shortcode_before_footer_widgets":"","ocean_shortcode_after_footer_widgets":"","ocean_shortcode_before_footer_bottom":"","ocean_shortcode_after_footer_bottom":"","ocean_display_top_bar":"on","ocean_display_header":"on","ocean_header_style":"","ocean_center_header_left_menu":"0","ocean_custom_header_template":"0","ocean_custom_logo":0,"ocean_custom_retina_logo":0,"ocean_custom_logo_max_width":0,"ocean_custom_logo_tablet_max_width":0,"ocean_custom_logo_mobile_max_width":0,"ocean_custom_logo_max_height":0,"ocean_custom_logo_tablet_max_height":0,"ocean_custom_logo_mobile_max_height":0,"ocean_header_custom_menu":"0","ocean_menu_typo_font_family":"0","ocean_menu_typo_font_subset":"","ocean_menu_typo_font_size":0,"ocean_menu_typo_font_size_tablet":0,"ocean_menu_typo_font_size_mobile":0,"ocean_menu_typo_font_size_unit":"px","ocean_menu_typo_font_weight":"","ocean_menu_typo_font_weight_tablet":"","ocean_menu_typo_font_weight_mobile":"","ocean_menu_typo_transform":"","ocean_menu_typo_transform_tablet":"","ocean_menu_typo_transform_mobile":"","ocean_menu_typo_line_height":0,"ocean_menu_typo_line_height_tablet":0,"ocean_menu_typo_line_height_mobile":0,"ocean_menu_typo_line_height_unit":"","ocean_menu_typo_spacing":0,"ocean_menu_typo_spacing_tablet":0,"ocean_menu_typo_spacing_mobile":0,"ocean_menu_typo_spacing_unit":"","ocean_menu_link_color":"","ocean_menu_link_color_hover":"","ocean_menu_link_color_active":"","ocean_menu_link_background":"","ocean_menu_link_hover_background":"","ocean_menu_link_active_background":"","ocean_menu_social_links_bg":"","ocean_menu_social_hover_links_bg":"","ocean_menu_social_links_color":"","ocean_menu_social_hover_links_color":"","ocean_disable_title":"on","ocean_disable_heading":"default","ocean_post_title":"","ocean_post_subheading":"","ocean_post_title_style":"","ocean_post_title_background_color":"","ocean_post_title_background":0,"ocean_post_title_bg_image_position":"","ocean_post_title_bg_image_attachment":"","ocean_post_title_bg_image_repeat":"","ocean_post_title_bg_image_size":"","ocean_post_title_height":0,"ocean_post_title_bg_overlay":0.5,"ocean_post_title_bg_overlay_color":"","ocean_disable_breadcrumbs":"default","ocean_breadcrumbs_color":"","ocean_breadcrumbs_separator_color":"","ocean_breadcrumbs_links_color":"","ocean_breadcrumbs_links_hover_color":"","ocean_display_footer_widgets":"default","ocean_display_footer_bottom":"default","ocean_custom_footer_template":"0","footnotes":""},"class_list":["post-18","page","type-page","status-publish","hentry","entry"],"jetpack_sharing_enabled":true,"_links":{"self":[{"href":"https:\/\/asv-feudenheim.de\/index.php\/wp-json\/wp\/v2\/pages\/18","targetHints":{"allow":["GET"]}}],"collection":[{"href":"https:\/\/asv-feudenheim.de\/index.php\/wp-json\/wp\/v2\/pages"}],"about":[{"href":"https:\/\/asv-feudenheim.de\/index.php\/wp-json\/wp\/v2\/types\/page"}],"author":[{"embeddable":true,"href":"https:\/\/asv-feudenheim.de\/index.php\/wp-json\/wp\/v2\/users\/5"}],"replies":[{"embeddable":true,"href":"https:\/\/asv-feudenheim.de\/index.php\/wp-json\/wp\/v2\/comments?post=18"}],"version-history":[{"count":2,"href":"https:\/\/asv-feudenheim.de\/index.php\/wp-json\/wp\/v2\/pages\/18\/revisions"}],"predecessor-version":[{"id":2256,"href":"https:\/\/asv-feudenheim.de\/index.php\/wp-json\/wp\/v2\/pages\/18\/revisions\/2256"}],"wp:attachment":[{"href":"https:\/\/asv-feudenheim.de\/index.php\/wp-json\/wp\/v2\/media?parent=18"}],"curies":[{"name":"wp","href":"https:\/\/api.w.org\/{rel}","templated":true}]}}